{"id":25671,"date":"2019-09-16T13:36:35","date_gmt":"2019-09-16T11:36:35","guid":{"rendered":"https:\/\/www.flyttfirma-malardalen.se\/home\/"},"modified":"2024-12-16T09:17:57","modified_gmt":"2024-12-16T08:17:57","slug":"home","status":"publish","type":"page","link":"https:\/\/www.flyttfirma-malardalen.se.a5252.hemsida.eu\/en\/","title":{"rendered":"Home"},"content":{"rendered":"","protected":false},"excerpt":{"rendered":"","protected":false},"author":7,"featured_media":25396,"parent":0,"menu_order":1,"comment_status":"closed","ping_status":"closed","template":"","meta":{"inline_featured_image":false,"footnotes":""},"class_list":["post-25671","page","type-page","status-publish","has-post-thumbnail","hentry"],"yoast_head":"<!-- This site is optimized with the Yoast SEO plugin v26.0 - https:\/\/yoast.com\/wordpress\/plugins\/seo\/ -->\n<title>Efficient, safe and affordable moving - Flytt &amp; St\u00e4dfix M\u00e4lardalen AB<\/title>\n<meta name=\"description\" content=\"Moving- and cleaning company working all over Sweden We offer all existing services. Affordable and professional move. We&#039;ll take care of the move!\" \/>\n<meta name=\"robots\" content=\"index, follow, max-snippet:-1, max-image-preview:large, max-video-preview:-1\" \/>\n<link rel=\"canonical\" href=\"https:\/\/www.flyttfirma-malardalen.se\/en\/\" \/>\n<meta property=\"og:locale\" content=\"en_US\" \/>\n<meta property=\"og:type\" content=\"article\" \/>\n<meta property=\"og:title\" content=\"Efficient, safe and affordable moving - Flytt &amp; St\u00e4dfix M\u00e4lardalen AB\" \/>\n<meta property=\"og:description\" content=\"Moving- and cleaning company working all over Sweden We offer all existing services. Affordable and professional move. We&#039;ll take care of the move!\" \/>\n<meta property=\"og:url\" content=\"https:\/\/www.flyttfirma-malardalen.se\/en\/\" \/>\n<meta property=\"og:site_name\" content=\"Flytt &amp; St\u00e4dfix M\u00e4lardalen AB\" \/>\n<meta property=\"article:modified_time\" content=\"2024-12-16T08:17:57+00:00\" \/>\n<meta property=\"og:image\" content=\"https:\/\/www.flyttfirma-malardalen.se\/uploads\/2022\/10\/lastbil-pack.jpg\" \/>\n\t<meta property=\"og:image:width\" content=\"991\" \/>\n\t<meta property=\"og:image:height\" content=\"991\" \/>\n\t<meta property=\"og:image:type\" content=\"image\/jpeg\" \/>\n<meta name=\"twitter:card\" content=\"summary_large_image\" \/>\n<meta name=\"twitter:label1\" content=\"Est. reading time\" \/>\n\t<meta name=\"twitter:data1\" content=\"1 minute\" \/>\n<script type=\"application\/ld+json\" class=\"yoast-schema-graph\">{\"@context\":\"https:\/\/schema.org\",\"@graph\":[{\"@type\":\"WebPage\",\"@id\":\"https:\/\/www.flyttfirma-malardalen.se\/en\/\",\"url\":\"https:\/\/www.flyttfirma-malardalen.se\/en\/\",\"name\":\"Efficient, safe and affordable moving - Flytt &amp; St\u00e4dfix M\u00e4lardalen AB\",\"isPartOf\":{\"@id\":\"https:\/\/www.flyttfirma-malardalen.se\/#website\"},\"primaryImageOfPage\":{\"@id\":\"https:\/\/www.flyttfirma-malardalen.se\/en\/#primaryimage\"},\"image\":{\"@id\":\"https:\/\/www.flyttfirma-malardalen.se\/en\/#primaryimage\"},\"thumbnailUrl\":\"https:\/\/www.flyttfirma-malardalen.se.a5252.hemsida.eu\/uploads\/2022\/10\/lastbil-pack.jpg\",\"datePublished\":\"2019-09-16T11:36:35+00:00\",\"dateModified\":\"2024-12-16T08:17:57+00:00\",\"description\":\"Moving- and cleaning company working all over Sweden We offer all existing services. Affordable and professional move. We'll take care of the move!\",\"breadcrumb\":{\"@id\":\"https:\/\/www.flyttfirma-malardalen.se\/en\/#breadcrumb\"},\"inLanguage\":\"en-US\",\"potentialAction\":[{\"@type\":\"ReadAction\",\"target\":[\"https:\/\/www.flyttfirma-malardalen.se\/en\/\"]}]},{\"@type\":\"ImageObject\",\"inLanguage\":\"en-US\",\"@id\":\"https:\/\/www.flyttfirma-malardalen.se\/en\/#primaryimage\",\"url\":\"https:\/\/www.flyttfirma-malardalen.se.a5252.hemsida.eu\/uploads\/2022\/10\/lastbil-pack.jpg\",\"contentUrl\":\"https:\/\/www.flyttfirma-malardalen.se.a5252.hemsida.eu\/uploads\/2022\/10\/lastbil-pack.jpg\",\"width\":991,\"height\":991},{\"@type\":\"BreadcrumbList\",\"@id\":\"https:\/\/www.flyttfirma-malardalen.se\/en\/#breadcrumb\",\"itemListElement\":[{\"@type\":\"ListItem\",\"position\":1,\"name\":\"Home\",\"item\":\"https:\/\/www.flyttfirma-malardalen.se\/en\/\"},{\"@type\":\"ListItem\",\"position\":2,\"name\":\"Home\"}]},{\"@type\":\"WebSite\",\"@id\":\"https:\/\/www.flyttfirma-malardalen.se\/#website\",\"url\":\"https:\/\/www.flyttfirma-malardalen.se\/\",\"name\":\"Flytt & St\u00e4dfix M\u00e4lardalen AB\",\"description\":\"N\u00e4r det bara m\u00e5ste bli bra med flytten\",\"potentialAction\":[{\"@type\":\"SearchAction\",\"target\":{\"@type\":\"EntryPoint\",\"urlTemplate\":\"https:\/\/www.flyttfirma-malardalen.se\/?s={search_term_string}\"},\"query-input\":{\"@type\":\"PropertyValueSpecification\",\"valueRequired\":true,\"valueName\":\"search_term_string\"}}],\"inLanguage\":\"en-US\"}]}<\/script>\n<!-- \/ Yoast SEO plugin. -->","yoast_head_json":{"title":"Efficient, safe and affordable moving - Flytt &amp; St\u00e4dfix M\u00e4lardalen AB","description":"Moving- and cleaning company working all over Sweden We offer all existing services. Affordable and professional move. We'll take care of the move!","robots":{"index":"index","follow":"follow","max-snippet":"max-snippet:-1","max-image-preview":"max-image-preview:large","max-video-preview":"max-video-preview:-1"},"canonical":"https:\/\/www.flyttfirma-malardalen.se\/en\/","og_locale":"en_US","og_type":"article","og_title":"Efficient, safe and affordable moving - Flytt &amp; St\u00e4dfix M\u00e4lardalen AB","og_description":"Moving- and cleaning company working all over Sweden We offer all existing services. Affordable and professional move. We'll take care of the move!","og_url":"https:\/\/www.flyttfirma-malardalen.se\/en\/","og_site_name":"Flytt &amp; St\u00e4dfix M\u00e4lardalen AB","article_modified_time":"2024-12-16T08:17:57+00:00","og_image":[{"width":991,"height":991,"url":"https:\/\/www.flyttfirma-malardalen.se\/uploads\/2022\/10\/lastbil-pack.jpg","type":"image\/jpeg"}],"twitter_card":"summary_large_image","twitter_misc":{"Est. reading time":"1 minute"},"schema":{"@context":"https:\/\/schema.org","@graph":[{"@type":"WebPage","@id":"https:\/\/www.flyttfirma-malardalen.se\/en\/","url":"https:\/\/www.flyttfirma-malardalen.se\/en\/","name":"Efficient, safe and affordable moving - Flytt &amp; St\u00e4dfix M\u00e4lardalen AB","isPartOf":{"@id":"https:\/\/www.flyttfirma-malardalen.se\/#website"},"primaryImageOfPage":{"@id":"https:\/\/www.flyttfirma-malardalen.se\/en\/#primaryimage"},"image":{"@id":"https:\/\/www.flyttfirma-malardalen.se\/en\/#primaryimage"},"thumbnailUrl":"https:\/\/www.flyttfirma-malardalen.se.a5252.hemsida.eu\/uploads\/2022\/10\/lastbil-pack.jpg","datePublished":"2019-09-16T11:36:35+00:00","dateModified":"2024-12-16T08:17:57+00:00","description":"Moving- and cleaning company working all over Sweden We offer all existing services. Affordable and professional move. We'll take care of the move!","breadcrumb":{"@id":"https:\/\/www.flyttfirma-malardalen.se\/en\/#breadcrumb"},"inLanguage":"en-US","potentialAction":[{"@type":"ReadAction","target":["https:\/\/www.flyttfirma-malardalen.se\/en\/"]}]},{"@type":"ImageObject","inLanguage":"en-US","@id":"https:\/\/www.flyttfirma-malardalen.se\/en\/#primaryimage","url":"https:\/\/www.flyttfirma-malardalen.se.a5252.hemsida.eu\/uploads\/2022\/10\/lastbil-pack.jpg","contentUrl":"https:\/\/www.flyttfirma-malardalen.se.a5252.hemsida.eu\/uploads\/2022\/10\/lastbil-pack.jpg","width":991,"height":991},{"@type":"BreadcrumbList","@id":"https:\/\/www.flyttfirma-malardalen.se\/en\/#breadcrumb","itemListElement":[{"@type":"ListItem","position":1,"name":"Home","item":"https:\/\/www.flyttfirma-malardalen.se\/en\/"},{"@type":"ListItem","position":2,"name":"Home"}]},{"@type":"WebSite","@id":"https:\/\/www.flyttfirma-malardalen.se\/#website","url":"https:\/\/www.flyttfirma-malardalen.se\/","name":"Flytt & St\u00e4dfix M\u00e4lardalen AB","description":"N\u00e4r det bara m\u00e5ste bli bra med flytten","potentialAction":[{"@type":"SearchAction","target":{"@type":"EntryPoint","urlTemplate":"https:\/\/www.flyttfirma-malardalen.se\/?s={search_term_string}"},"query-input":{"@type":"PropertyValueSpecification","valueRequired":true,"valueName":"search_term_string"}}],"inLanguage":"en-US"}]}},"_links":{"self":[{"href":"https:\/\/www.flyttfirma-malardalen.se.a5252.hemsida.eu\/en\/wp-json\/wp\/v2\/pages\/25671","targetHints":{"allow":["GET"]}}],"collection":[{"href":"https:\/\/www.flyttfirma-malardalen.se.a5252.hemsida.eu\/en\/wp-json\/wp\/v2\/pages"}],"about":[{"href":"https:\/\/www.flyttfirma-malardalen.se.a5252.hemsida.eu\/en\/wp-json\/wp\/v2\/types\/page"}],"author":[{"embeddable":true,"href":"https:\/\/www.flyttfirma-malardalen.se.a5252.hemsida.eu\/en\/wp-json\/wp\/v2\/users\/7"}],"replies":[{"embeddable":true,"href":"https:\/\/www.flyttfirma-malardalen.se.a5252.hemsida.eu\/en\/wp-json\/wp\/v2\/comments?post=25671"}],"version-history":[{"count":2,"href":"https:\/\/www.flyttfirma-malardalen.se.a5252.hemsida.eu\/en\/wp-json\/wp\/v2\/pages\/25671\/revisions"}],"predecessor-version":[{"id":26861,"href":"https:\/\/www.flyttfirma-malardalen.se.a5252.hemsida.eu\/en\/wp-json\/wp\/v2\/pages\/25671\/revisions\/26861"}],"wp:featuredmedia":[{"embeddable":true,"href":"https:\/\/www.flyttfirma-malardalen.se.a5252.hemsida.eu\/en\/wp-json\/wp\/v2\/media\/25396"}],"wp:attachment":[{"href":"https:\/\/www.flyttfirma-malardalen.se.a5252.hemsida.eu\/en\/wp-json\/wp\/v2\/media?parent=25671"}],"curies":[{"name":"wp","href":"https:\/\/api.w.org\/{rel}","templated":true}]}}