{"id":25747,"date":"2019-09-16T14:11:53","date_gmt":"2019-09-16T12:11:53","guid":{"rendered":"https:\/\/www.flyttfirma-malardalen.se\/about-us\/"},"modified":"2024-02-08T13:07:58","modified_gmt":"2024-02-08T12:07:58","slug":"about-us","status":"publish","type":"page","link":"https:\/\/www.flyttfirma-malardalen.se.a5252.hemsida.eu\/en\/about-us\/","title":{"rendered":"About us"},"content":{"rendered":"","protected":false},"excerpt":{"rendered":"","protected":false},"author":8,"featured_media":0,"parent":0,"menu_order":2,"comment_status":"closed","ping_status":"open","template":"","meta":{"inline_featured_image":false,"footnotes":""},"class_list":["post-25747","page","type-page","status-publish","hentry"],"yoast_head":"<!-- This site is optimized with the Yoast SEO plugin v26.0 - https:\/\/yoast.com\/wordpress\/plugins\/seo\/ -->\n<title>About us - Flytt &amp; St\u00e4dfix M\u00e4lardalen AB<\/title>\n<meta name=\"description\" content=\"Flytt &amp; St\u00e4dfix M\u00e4lardalen AB is a full-service company, with us you get help with the move and cleaning from start to finish.\" \/>\n<meta name=\"robots\" content=\"index, follow, max-snippet:-1, max-image-preview:large, max-video-preview:-1\" \/>\n<link rel=\"canonical\" href=\"https:\/\/flyttfirma-malardalen.se.a5252.hemsida.eu\/en\/about-us\/\" \/>\n<meta property=\"og:locale\" content=\"en_US\" \/>\n<meta property=\"og:type\" content=\"article\" \/>\n<meta property=\"og:title\" content=\"About us - Flytt &amp; St\u00e4dfix M\u00e4lardalen AB\" \/>\n<meta property=\"og:description\" content=\"Flytt &amp; St\u00e4dfix M\u00e4lardalen AB is a full-service company, with us you get help with the move and cleaning from start to finish.\" \/>\n<meta property=\"og:url\" content=\"https:\/\/flyttfirma-malardalen.se.a5252.hemsida.eu\/en\/about-us\/\" \/>\n<meta property=\"og:site_name\" content=\"Flytt &amp; St\u00e4dfix M\u00e4lardalen AB\" \/>\n<meta property=\"article:modified_time\" content=\"2024-02-08T12:07:58+00:00\" \/>\n<meta name=\"twitter:card\" content=\"summary_large_image\" \/>\n<script type=\"application\/ld+json\" class=\"yoast-schema-graph\">{\"@context\":\"https:\/\/schema.org\",\"@graph\":[{\"@type\":\"WebPage\",\"@id\":\"https:\/\/flyttfirma-malardalen.se.a5252.hemsida.eu\/en\/about-us\/\",\"url\":\"https:\/\/flyttfirma-malardalen.se.a5252.hemsida.eu\/en\/about-us\/\",\"name\":\"About us - Flytt &amp; St\u00e4dfix M\u00e4lardalen AB\",\"isPartOf\":{\"@id\":\"https:\/\/www.flyttfirma-malardalen.se\/#website\"},\"datePublished\":\"2019-09-16T12:11:53+00:00\",\"dateModified\":\"2024-02-08T12:07:58+00:00\",\"description\":\"Flytt & St\u00e4dfix M\u00e4lardalen AB is a full-service company, with us you get help with the move and cleaning from start to finish.\",\"breadcrumb\":{\"@id\":\"https:\/\/flyttfirma-malardalen.se.a5252.hemsida.eu\/en\/about-us\/#breadcrumb\"},\"inLanguage\":\"en-US\",\"potentialAction\":[{\"@type\":\"ReadAction\",\"target\":[\"https:\/\/flyttfirma-malardalen.se.a5252.hemsida.eu\/en\/about-us\/\"]}]},{\"@type\":\"BreadcrumbList\",\"@id\":\"https:\/\/flyttfirma-malardalen.se.a5252.hemsida.eu\/en\/about-us\/#breadcrumb\",\"itemListElement\":[{\"@type\":\"ListItem\",\"position\":1,\"name\":\"Home\",\"item\":\"https:\/\/www.flyttfirma-malardalen.se\/en\/\"},{\"@type\":\"ListItem\",\"position\":2,\"name\":\"About us\"}]},{\"@type\":\"WebSite\",\"@id\":\"https:\/\/www.flyttfirma-malardalen.se\/#website\",\"url\":\"https:\/\/www.flyttfirma-malardalen.se\/\",\"name\":\"Flytt & St\u00e4dfix M\u00e4lardalen AB\",\"description\":\"N\u00e4r det bara m\u00e5ste bli bra med flytten\",\"potentialAction\":[{\"@type\":\"SearchAction\",\"target\":{\"@type\":\"EntryPoint\",\"urlTemplate\":\"https:\/\/www.flyttfirma-malardalen.se\/?s={search_term_string}\"},\"query-input\":{\"@type\":\"PropertyValueSpecification\",\"valueRequired\":true,\"valueName\":\"search_term_string\"}}],\"inLanguage\":\"en-US\"}]}<\/script>\n<!-- \/ Yoast SEO plugin. -->","yoast_head_json":{"title":"About us - Flytt &amp; St\u00e4dfix M\u00e4lardalen AB","description":"Flytt & St\u00e4dfix M\u00e4lardalen AB is a full-service company, with us you get help with the move and cleaning from start to finish.","robots":{"index":"index","follow":"follow","max-snippet":"max-snippet:-1","max-image-preview":"max-image-preview:large","max-video-preview":"max-video-preview:-1"},"canonical":"https:\/\/flyttfirma-malardalen.se.a5252.hemsida.eu\/en\/about-us\/","og_locale":"en_US","og_type":"article","og_title":"About us - Flytt &amp; St\u00e4dfix M\u00e4lardalen AB","og_description":"Flytt & St\u00e4dfix M\u00e4lardalen AB is a full-service company, with us you get help with the move and cleaning from start to finish.","og_url":"https:\/\/flyttfirma-malardalen.se.a5252.hemsida.eu\/en\/about-us\/","og_site_name":"Flytt &amp; St\u00e4dfix M\u00e4lardalen AB","article_modified_time":"2024-02-08T12:07:58+00:00","twitter_card":"summary_large_image","schema":{"@context":"https:\/\/schema.org","@graph":[{"@type":"WebPage","@id":"https:\/\/flyttfirma-malardalen.se.a5252.hemsida.eu\/en\/about-us\/","url":"https:\/\/flyttfirma-malardalen.se.a5252.hemsida.eu\/en\/about-us\/","name":"About us - Flytt &amp; St\u00e4dfix M\u00e4lardalen AB","isPartOf":{"@id":"https:\/\/www.flyttfirma-malardalen.se\/#website"},"datePublished":"2019-09-16T12:11:53+00:00","dateModified":"2024-02-08T12:07:58+00:00","description":"Flytt & St\u00e4dfix M\u00e4lardalen AB is a full-service company, with us you get help with the move and cleaning from start to finish.","breadcrumb":{"@id":"https:\/\/flyttfirma-malardalen.se.a5252.hemsida.eu\/en\/about-us\/#breadcrumb"},"inLanguage":"en-US","potentialAction":[{"@type":"ReadAction","target":["https:\/\/flyttfirma-malardalen.se.a5252.hemsida.eu\/en\/about-us\/"]}]},{"@type":"BreadcrumbList","@id":"https:\/\/flyttfirma-malardalen.se.a5252.hemsida.eu\/en\/about-us\/#breadcrumb","itemListElement":[{"@type":"ListItem","position":1,"name":"Home","item":"https:\/\/www.flyttfirma-malardalen.se\/en\/"},{"@type":"ListItem","position":2,"name":"About us"}]},{"@type":"WebSite","@id":"https:\/\/www.flyttfirma-malardalen.se\/#website","url":"https:\/\/www.flyttfirma-malardalen.se\/","name":"Flytt & St\u00e4dfix M\u00e4lardalen AB","description":"N\u00e4r det bara m\u00e5ste bli bra med flytten","potentialAction":[{"@type":"SearchAction","target":{"@type":"EntryPoint","urlTemplate":"https:\/\/www.flyttfirma-malardalen.se\/?s={search_term_string}"},"query-input":{"@type":"PropertyValueSpecification","valueRequired":true,"valueName":"search_term_string"}}],"inLanguage":"en-US"}]}},"_links":{"self":[{"href":"https:\/\/www.flyttfirma-malardalen.se.a5252.hemsida.eu\/en\/wp-json\/wp\/v2\/pages\/25747","targetHints":{"allow":["GET"]}}],"collection":[{"href":"https:\/\/www.flyttfirma-malardalen.se.a5252.hemsida.eu\/en\/wp-json\/wp\/v2\/pages"}],"about":[{"href":"https:\/\/www.flyttfirma-malardalen.se.a5252.hemsida.eu\/en\/wp-json\/wp\/v2\/types\/page"}],"author":[{"embeddable":true,"href":"https:\/\/www.flyttfirma-malardalen.se.a5252.hemsida.eu\/en\/wp-json\/wp\/v2\/users\/8"}],"replies":[{"embeddable":true,"href":"https:\/\/www.flyttfirma-malardalen.se.a5252.hemsida.eu\/en\/wp-json\/wp\/v2\/comments?post=25747"}],"version-history":[{"count":1,"href":"https:\/\/www.flyttfirma-malardalen.se.a5252.hemsida.eu\/en\/wp-json\/wp\/v2\/pages\/25747\/revisions"}],"predecessor-version":[{"id":25750,"href":"https:\/\/www.flyttfirma-malardalen.se.a5252.hemsida.eu\/en\/wp-json\/wp\/v2\/pages\/25747\/revisions\/25750"}],"wp:attachment":[{"href":"https:\/\/www.flyttfirma-malardalen.se.a5252.hemsida.eu\/en\/wp-json\/wp\/v2\/media?parent=25747"}],"curies":[{"name":"wp","href":"https:\/\/api.w.org\/{rel}","templated":true}]}}