{"id":25934,"date":"2022-09-01T20:53:50","date_gmt":"2022-09-01T18:53:50","guid":{"rendered":"https:\/\/www.flyttfirma-malardalen.se\/move-out-cleaning\/move-out-cleaning-orebro\/"},"modified":"2024-02-08T13:26:22","modified_gmt":"2024-02-08T12:26:22","slug":"move-out-cleaning-orebro","status":"publish","type":"page","link":"https:\/\/www.flyttfirma-malardalen.se.a5252.hemsida.eu\/en\/move-out-cleaning\/move-out-cleaning-orebro\/","title":{"rendered":"Move-out cleaning \u00d6rebro"},"content":{"rendered":"","protected":false},"excerpt":{"rendered":"","protected":false},"author":10,"featured_media":0,"parent":25851,"menu_order":1,"comment_status":"closed","ping_status":"open","template":"","meta":{"inline_featured_image":false,"footnotes":""},"class_list":["post-25934","page","type-page","status-publish","hentry"],"yoast_head":"<!-- This site is optimized with the Yoast SEO plugin v26.0 - https:\/\/yoast.com\/wordpress\/plugins\/seo\/ -->\n<title>Move-out cleaning \u00d6rebro - Flytt &amp; St\u00e4dfix M\u00e4lardalen AB in \u00d6rebro.<\/title>\n<meta name=\"description\" content=\"Move-out cleaning house is something most people want to avoid. We can help you with moving house cleaning in \u00d6rebro and the surrounding area so you don&#039;t have to. Fixed price Move-out cleaning!\" \/>\n<meta name=\"robots\" content=\"index, follow, max-snippet:-1, max-image-preview:large, max-video-preview:-1\" \/>\n<link rel=\"canonical\" href=\"https:\/\/flyttfirma-malardalen.se.a5252.hemsida.eu\/en\/move-out-cleaning\/move-out-cleaning-orebro\/\" \/>\n<meta property=\"og:locale\" content=\"en_US\" \/>\n<meta property=\"og:type\" content=\"article\" \/>\n<meta property=\"og:title\" content=\"Move-out cleaning \u00d6rebro - Flytt &amp; St\u00e4dfix M\u00e4lardalen AB in \u00d6rebro.\" \/>\n<meta property=\"og:description\" content=\"Move-out cleaning house is something most people want to avoid. We can help you with moving house cleaning in \u00d6rebro and the surrounding area so you don&#039;t have to. Fixed price Move-out cleaning!\" \/>\n<meta property=\"og:url\" content=\"https:\/\/flyttfirma-malardalen.se.a5252.hemsida.eu\/en\/move-out-cleaning\/move-out-cleaning-orebro\/\" \/>\n<meta property=\"og:site_name\" content=\"Flytt &amp; St\u00e4dfix M\u00e4lardalen AB\" \/>\n<meta property=\"article:modified_time\" content=\"2024-02-08T12:26:22+00:00\" \/>\n<meta name=\"twitter:card\" content=\"summary_large_image\" \/>\n<script type=\"application\/ld+json\" class=\"yoast-schema-graph\">{\"@context\":\"https:\/\/schema.org\",\"@graph\":[{\"@type\":\"WebPage\",\"@id\":\"https:\/\/flyttfirma-malardalen.se.a5252.hemsida.eu\/en\/move-out-cleaning\/move-out-cleaning-orebro\/\",\"url\":\"https:\/\/flyttfirma-malardalen.se.a5252.hemsida.eu\/en\/move-out-cleaning\/move-out-cleaning-orebro\/\",\"name\":\"Move-out cleaning \u00d6rebro - Flytt & St\u00e4dfix M\u00e4lardalen AB in \u00d6rebro.\",\"isPartOf\":{\"@id\":\"https:\/\/www.flyttfirma-malardalen.se\/#website\"},\"datePublished\":\"2022-09-01T18:53:50+00:00\",\"dateModified\":\"2024-02-08T12:26:22+00:00\",\"description\":\"Move-out cleaning house is something most people want to avoid. We can help you with moving house cleaning in \u00d6rebro and the surrounding area so you don't have to. Fixed price Move-out cleaning!\",\"breadcrumb\":{\"@id\":\"https:\/\/flyttfirma-malardalen.se.a5252.hemsida.eu\/en\/move-out-cleaning\/move-out-cleaning-orebro\/#breadcrumb\"},\"inLanguage\":\"en-US\",\"potentialAction\":[{\"@type\":\"ReadAction\",\"target\":[\"https:\/\/flyttfirma-malardalen.se.a5252.hemsida.eu\/en\/move-out-cleaning\/move-out-cleaning-orebro\/\"]}]},{\"@type\":\"BreadcrumbList\",\"@id\":\"https:\/\/flyttfirma-malardalen.se.a5252.hemsida.eu\/en\/move-out-cleaning\/move-out-cleaning-orebro\/#breadcrumb\",\"itemListElement\":[{\"@type\":\"ListItem\",\"position\":1,\"name\":\"Home\",\"item\":\"https:\/\/www.flyttfirma-malardalen.se\/en\/\"},{\"@type\":\"ListItem\",\"position\":2,\"name\":\"Move-out cleaning\",\"item\":\"https:\/\/www.flyttfirma-malardalen.se\/en\/move-out-cleaning\/\"},{\"@type\":\"ListItem\",\"position\":3,\"name\":\"Move-out cleaning \u00d6rebro\"}]},{\"@type\":\"WebSite\",\"@id\":\"https:\/\/www.flyttfirma-malardalen.se\/#website\",\"url\":\"https:\/\/www.flyttfirma-malardalen.se\/\",\"name\":\"Flytt & St\u00e4dfix M\u00e4lardalen AB\",\"description\":\"N\u00e4r det bara m\u00e5ste bli bra med flytten\",\"potentialAction\":[{\"@type\":\"SearchAction\",\"target\":{\"@type\":\"EntryPoint\",\"urlTemplate\":\"https:\/\/www.flyttfirma-malardalen.se\/?s={search_term_string}\"},\"query-input\":{\"@type\":\"PropertyValueSpecification\",\"valueRequired\":true,\"valueName\":\"search_term_string\"}}],\"inLanguage\":\"en-US\"}]}<\/script>\n<!-- \/ Yoast SEO plugin. -->","yoast_head_json":{"title":"Move-out cleaning \u00d6rebro - Flytt & St\u00e4dfix M\u00e4lardalen AB in \u00d6rebro.","description":"Move-out cleaning house is something most people want to avoid. We can help you with moving house cleaning in \u00d6rebro and the surrounding area so you don't have to. Fixed price Move-out cleaning!","robots":{"index":"index","follow":"follow","max-snippet":"max-snippet:-1","max-image-preview":"max-image-preview:large","max-video-preview":"max-video-preview:-1"},"canonical":"https:\/\/flyttfirma-malardalen.se.a5252.hemsida.eu\/en\/move-out-cleaning\/move-out-cleaning-orebro\/","og_locale":"en_US","og_type":"article","og_title":"Move-out cleaning \u00d6rebro - Flytt & St\u00e4dfix M\u00e4lardalen AB in \u00d6rebro.","og_description":"Move-out cleaning house is something most people want to avoid. We can help you with moving house cleaning in \u00d6rebro and the surrounding area so you don't have to. Fixed price Move-out cleaning!","og_url":"https:\/\/flyttfirma-malardalen.se.a5252.hemsida.eu\/en\/move-out-cleaning\/move-out-cleaning-orebro\/","og_site_name":"Flytt &amp; St\u00e4dfix M\u00e4lardalen AB","article_modified_time":"2024-02-08T12:26:22+00:00","twitter_card":"summary_large_image","schema":{"@context":"https:\/\/schema.org","@graph":[{"@type":"WebPage","@id":"https:\/\/flyttfirma-malardalen.se.a5252.hemsida.eu\/en\/move-out-cleaning\/move-out-cleaning-orebro\/","url":"https:\/\/flyttfirma-malardalen.se.a5252.hemsida.eu\/en\/move-out-cleaning\/move-out-cleaning-orebro\/","name":"Move-out cleaning \u00d6rebro - Flytt & St\u00e4dfix M\u00e4lardalen AB in \u00d6rebro.","isPartOf":{"@id":"https:\/\/www.flyttfirma-malardalen.se\/#website"},"datePublished":"2022-09-01T18:53:50+00:00","dateModified":"2024-02-08T12:26:22+00:00","description":"Move-out cleaning house is something most people want to avoid. We can help you with moving house cleaning in \u00d6rebro and the surrounding area so you don't have to. Fixed price Move-out cleaning!","breadcrumb":{"@id":"https:\/\/flyttfirma-malardalen.se.a5252.hemsida.eu\/en\/move-out-cleaning\/move-out-cleaning-orebro\/#breadcrumb"},"inLanguage":"en-US","potentialAction":[{"@type":"ReadAction","target":["https:\/\/flyttfirma-malardalen.se.a5252.hemsida.eu\/en\/move-out-cleaning\/move-out-cleaning-orebro\/"]}]},{"@type":"BreadcrumbList","@id":"https:\/\/flyttfirma-malardalen.se.a5252.hemsida.eu\/en\/move-out-cleaning\/move-out-cleaning-orebro\/#breadcrumb","itemListElement":[{"@type":"ListItem","position":1,"name":"Home","item":"https:\/\/www.flyttfirma-malardalen.se\/en\/"},{"@type":"ListItem","position":2,"name":"Move-out cleaning","item":"https:\/\/www.flyttfirma-malardalen.se\/en\/move-out-cleaning\/"},{"@type":"ListItem","position":3,"name":"Move-out cleaning \u00d6rebro"}]},{"@type":"WebSite","@id":"https:\/\/www.flyttfirma-malardalen.se\/#website","url":"https:\/\/www.flyttfirma-malardalen.se\/","name":"Flytt & St\u00e4dfix M\u00e4lardalen AB","description":"N\u00e4r det bara m\u00e5ste bli bra med flytten","potentialAction":[{"@type":"SearchAction","target":{"@type":"EntryPoint","urlTemplate":"https:\/\/www.flyttfirma-malardalen.se\/?s={search_term_string}"},"query-input":{"@type":"PropertyValueSpecification","valueRequired":true,"valueName":"search_term_string"}}],"inLanguage":"en-US"}]}},"_links":{"self":[{"href":"https:\/\/www.flyttfirma-malardalen.se.a5252.hemsida.eu\/en\/wp-json\/wp\/v2\/pages\/25934","targetHints":{"allow":["GET"]}}],"collection":[{"href":"https:\/\/www.flyttfirma-malardalen.se.a5252.hemsida.eu\/en\/wp-json\/wp\/v2\/pages"}],"about":[{"href":"https:\/\/www.flyttfirma-malardalen.se.a5252.hemsida.eu\/en\/wp-json\/wp\/v2\/types\/page"}],"author":[{"embeddable":true,"href":"https:\/\/www.flyttfirma-malardalen.se.a5252.hemsida.eu\/en\/wp-json\/wp\/v2\/users\/10"}],"replies":[{"embeddable":true,"href":"https:\/\/www.flyttfirma-malardalen.se.a5252.hemsida.eu\/en\/wp-json\/wp\/v2\/comments?post=25934"}],"version-history":[{"count":1,"href":"https:\/\/www.flyttfirma-malardalen.se.a5252.hemsida.eu\/en\/wp-json\/wp\/v2\/pages\/25934\/revisions"}],"predecessor-version":[{"id":25950,"href":"https:\/\/www.flyttfirma-malardalen.se.a5252.hemsida.eu\/en\/wp-json\/wp\/v2\/pages\/25934\/revisions\/25950"}],"up":[{"embeddable":true,"href":"https:\/\/www.flyttfirma-malardalen.se.a5252.hemsida.eu\/en\/wp-json\/wp\/v2\/pages\/25851"}],"wp:attachment":[{"href":"https:\/\/www.flyttfirma-malardalen.se.a5252.hemsida.eu\/en\/wp-json\/wp\/v2\/media?parent=25934"}],"curies":[{"name":"wp","href":"https:\/\/api.w.org\/{rel}","templated":true}]}}