{"id":26055,"date":"2023-06-09T15:11:16","date_gmt":"2023-06-09T13:11:16","guid":{"rendered":"https:\/\/www.flyttfirma-malardalen.se\/business-relocation-vasteras\/"},"modified":"2024-02-09T12:53:21","modified_gmt":"2024-02-09T11:53:21","slug":"business-relocation-vasteras","status":"publish","type":"page","link":"https:\/\/www.flyttfirma-malardalen.se.a5252.hemsida.eu\/en\/business-relocation-vasteras\/","title":{"rendered":"Business relocation V\u00e4ster\u00e5s"},"content":{"rendered":"","protected":false},"excerpt":{"rendered":"","protected":false},"author":7,"featured_media":25384,"parent":0,"menu_order":1,"comment_status":"closed","ping_status":"open","template":"","meta":{"inline_featured_image":false,"footnotes":""},"class_list":["post-26055","page","type-page","status-publish","has-post-thumbnail","hentry"],"yoast_head":"<!-- This site is optimized with the Yoast SEO plugin v26.0 - https:\/\/yoast.com\/wordpress\/plugins\/seo\/ -->\n<title>Moving company Enk\u00f6ping - Qualitative and affordable | Flytt &amp; St\u00e4dfix M\u00e4lardalen AB<\/title>\n<meta name=\"description\" content=\"We will help you with the Business relocation V\u00e4ster\u00e5s, book your relocation assistance with us. Make your move easy and smooth! - Free quoteaccess to RUT\u2705 Satisfied customer guarantee\u2705\" \/>\n<meta name=\"robots\" content=\"index, follow, max-snippet:-1, max-image-preview:large, max-video-preview:-1\" \/>\n<link rel=\"canonical\" href=\"https:\/\/www.flyttfirma-malardalen.se.a5252.hemsida.eu\/en\/business-relocation-vasteras\/\" \/>\n<meta property=\"og:locale\" content=\"en_US\" \/>\n<meta property=\"og:type\" content=\"article\" \/>\n<meta property=\"og:title\" content=\"Moving company Enk\u00f6ping - Qualitative and affordable | Flytt &amp; St\u00e4dfix M\u00e4lardalen AB\" \/>\n<meta property=\"og:description\" content=\"We will help you with the Business relocation V\u00e4ster\u00e5s, book your relocation assistance with us. Make your move easy and smooth! - Free quoteaccess to RUT\u2705 Satisfied customer guarantee\u2705\" \/>\n<meta property=\"og:url\" content=\"https:\/\/www.flyttfirma-malardalen.se.a5252.hemsida.eu\/en\/business-relocation-vasteras\/\" \/>\n<meta property=\"og:site_name\" content=\"Flytt &amp; St\u00e4dfix M\u00e4lardalen AB\" \/>\n<meta property=\"article:modified_time\" content=\"2024-02-09T11:53:21+00:00\" \/>\n<meta property=\"og:image\" content=\"https:\/\/www.flyttfirma-malardalen.se.a5252.hemsida.eu\/uploads\/2022\/10\/flyttbil-parkerad-enkoping.jpg\" \/>\n\t<meta property=\"og:image:width\" content=\"1024\" \/>\n\t<meta property=\"og:image:height\" content=\"1024\" \/>\n\t<meta property=\"og:image:type\" content=\"image\/jpeg\" \/>\n<meta name=\"twitter:card\" content=\"summary_large_image\" \/>\n<script type=\"application\/ld+json\" class=\"yoast-schema-graph\">{\"@context\":\"https:\/\/schema.org\",\"@graph\":[{\"@type\":\"WebPage\",\"@id\":\"https:\/\/www.flyttfirma-malardalen.se.a5252.hemsida.eu\/en\/business-relocation-vasteras\/\",\"url\":\"https:\/\/www.flyttfirma-malardalen.se.a5252.hemsida.eu\/en\/business-relocation-vasteras\/\",\"name\":\"Moving company Enk\u00f6ping - Qualitative and affordable | Flytt & St\u00e4dfix M\u00e4lardalen AB\",\"isPartOf\":{\"@id\":\"https:\/\/www.flyttfirma-malardalen.se\/#website\"},\"primaryImageOfPage\":{\"@id\":\"https:\/\/www.flyttfirma-malardalen.se.a5252.hemsida.eu\/en\/business-relocation-vasteras\/#primaryimage\"},\"image\":{\"@id\":\"https:\/\/www.flyttfirma-malardalen.se.a5252.hemsida.eu\/en\/business-relocation-vasteras\/#primaryimage\"},\"thumbnailUrl\":\"https:\/\/www.flyttfirma-malardalen.se.a5252.hemsida.eu\/uploads\/2022\/10\/flyttbil-parkerad-enkoping.jpg\",\"datePublished\":\"2023-06-09T13:11:16+00:00\",\"dateModified\":\"2024-02-09T11:53:21+00:00\",\"description\":\"We will help you with the Business relocation V\u00e4ster\u00e5s, book your relocation assistance with us. Make your move easy and smooth! - Free quoteaccess to RUT\u2705 Satisfied customer guarantee\u2705\",\"breadcrumb\":{\"@id\":\"https:\/\/www.flyttfirma-malardalen.se.a5252.hemsida.eu\/en\/business-relocation-vasteras\/#breadcrumb\"},\"inLanguage\":\"en-US\",\"potentialAction\":[{\"@type\":\"ReadAction\",\"target\":[\"https:\/\/www.flyttfirma-malardalen.se.a5252.hemsida.eu\/en\/business-relocation-vasteras\/\"]}]},{\"@type\":\"ImageObject\",\"inLanguage\":\"en-US\",\"@id\":\"https:\/\/www.flyttfirma-malardalen.se.a5252.hemsida.eu\/en\/business-relocation-vasteras\/#primaryimage\",\"url\":\"https:\/\/www.flyttfirma-malardalen.se.a5252.hemsida.eu\/uploads\/2022\/10\/flyttbil-parkerad-enkoping.jpg\",\"contentUrl\":\"https:\/\/www.flyttfirma-malardalen.se.a5252.hemsida.eu\/uploads\/2022\/10\/flyttbil-parkerad-enkoping.jpg\",\"width\":1024,\"height\":1024},{\"@type\":\"BreadcrumbList\",\"@id\":\"https:\/\/www.flyttfirma-malardalen.se.a5252.hemsida.eu\/en\/business-relocation-vasteras\/#breadcrumb\",\"itemListElement\":[{\"@type\":\"ListItem\",\"position\":1,\"name\":\"Home\",\"item\":\"https:\/\/www.flyttfirma-malardalen.se\/en\/\"},{\"@type\":\"ListItem\",\"position\":2,\"name\":\"Business relocation V\u00e4ster\u00e5s\"}]},{\"@type\":\"WebSite\",\"@id\":\"https:\/\/www.flyttfirma-malardalen.se\/#website\",\"url\":\"https:\/\/www.flyttfirma-malardalen.se\/\",\"name\":\"Flytt & St\u00e4dfix M\u00e4lardalen AB\",\"description\":\"N\u00e4r det bara m\u00e5ste bli bra med flytten\",\"potentialAction\":[{\"@type\":\"SearchAction\",\"target\":{\"@type\":\"EntryPoint\",\"urlTemplate\":\"https:\/\/www.flyttfirma-malardalen.se\/?s={search_term_string}\"},\"query-input\":{\"@type\":\"PropertyValueSpecification\",\"valueRequired\":true,\"valueName\":\"search_term_string\"}}],\"inLanguage\":\"en-US\"}]}<\/script>\n<!-- \/ Yoast SEO plugin. -->","yoast_head_json":{"title":"Moving company Enk\u00f6ping - Qualitative and affordable | Flytt & St\u00e4dfix M\u00e4lardalen AB","description":"We will help you with the Business relocation V\u00e4ster\u00e5s, book your relocation assistance with us. Make your move easy and smooth! - Free quoteaccess to RUT\u2705 Satisfied customer guarantee\u2705","robots":{"index":"index","follow":"follow","max-snippet":"max-snippet:-1","max-image-preview":"max-image-preview:large","max-video-preview":"max-video-preview:-1"},"canonical":"https:\/\/www.flyttfirma-malardalen.se.a5252.hemsida.eu\/en\/business-relocation-vasteras\/","og_locale":"en_US","og_type":"article","og_title":"Moving company Enk\u00f6ping - Qualitative and affordable | Flytt & St\u00e4dfix M\u00e4lardalen AB","og_description":"We will help you with the Business relocation V\u00e4ster\u00e5s, book your relocation assistance with us. Make your move easy and smooth! - Free quoteaccess to RUT\u2705 Satisfied customer guarantee\u2705","og_url":"https:\/\/www.flyttfirma-malardalen.se.a5252.hemsida.eu\/en\/business-relocation-vasteras\/","og_site_name":"Flytt &amp; St\u00e4dfix M\u00e4lardalen AB","article_modified_time":"2024-02-09T11:53:21+00:00","og_image":[{"width":1024,"height":1024,"url":"https:\/\/www.flyttfirma-malardalen.se.a5252.hemsida.eu\/uploads\/2022\/10\/flyttbil-parkerad-enkoping.jpg","type":"image\/jpeg"}],"twitter_card":"summary_large_image","schema":{"@context":"https:\/\/schema.org","@graph":[{"@type":"WebPage","@id":"https:\/\/www.flyttfirma-malardalen.se.a5252.hemsida.eu\/en\/business-relocation-vasteras\/","url":"https:\/\/www.flyttfirma-malardalen.se.a5252.hemsida.eu\/en\/business-relocation-vasteras\/","name":"Moving company Enk\u00f6ping - Qualitative and affordable | Flytt & St\u00e4dfix M\u00e4lardalen AB","isPartOf":{"@id":"https:\/\/www.flyttfirma-malardalen.se\/#website"},"primaryImageOfPage":{"@id":"https:\/\/www.flyttfirma-malardalen.se.a5252.hemsida.eu\/en\/business-relocation-vasteras\/#primaryimage"},"image":{"@id":"https:\/\/www.flyttfirma-malardalen.se.a5252.hemsida.eu\/en\/business-relocation-vasteras\/#primaryimage"},"thumbnailUrl":"https:\/\/www.flyttfirma-malardalen.se.a5252.hemsida.eu\/uploads\/2022\/10\/flyttbil-parkerad-enkoping.jpg","datePublished":"2023-06-09T13:11:16+00:00","dateModified":"2024-02-09T11:53:21+00:00","description":"We will help you with the Business relocation V\u00e4ster\u00e5s, book your relocation assistance with us. Make your move easy and smooth! - Free quoteaccess to RUT\u2705 Satisfied customer guarantee\u2705","breadcrumb":{"@id":"https:\/\/www.flyttfirma-malardalen.se.a5252.hemsida.eu\/en\/business-relocation-vasteras\/#breadcrumb"},"inLanguage":"en-US","potentialAction":[{"@type":"ReadAction","target":["https:\/\/www.flyttfirma-malardalen.se.a5252.hemsida.eu\/en\/business-relocation-vasteras\/"]}]},{"@type":"ImageObject","inLanguage":"en-US","@id":"https:\/\/www.flyttfirma-malardalen.se.a5252.hemsida.eu\/en\/business-relocation-vasteras\/#primaryimage","url":"https:\/\/www.flyttfirma-malardalen.se.a5252.hemsida.eu\/uploads\/2022\/10\/flyttbil-parkerad-enkoping.jpg","contentUrl":"https:\/\/www.flyttfirma-malardalen.se.a5252.hemsida.eu\/uploads\/2022\/10\/flyttbil-parkerad-enkoping.jpg","width":1024,"height":1024},{"@type":"BreadcrumbList","@id":"https:\/\/www.flyttfirma-malardalen.se.a5252.hemsida.eu\/en\/business-relocation-vasteras\/#breadcrumb","itemListElement":[{"@type":"ListItem","position":1,"name":"Home","item":"https:\/\/www.flyttfirma-malardalen.se\/en\/"},{"@type":"ListItem","position":2,"name":"Business relocation V\u00e4ster\u00e5s"}]},{"@type":"WebSite","@id":"https:\/\/www.flyttfirma-malardalen.se\/#website","url":"https:\/\/www.flyttfirma-malardalen.se\/","name":"Flytt & St\u00e4dfix M\u00e4lardalen AB","description":"N\u00e4r det bara m\u00e5ste bli bra med flytten","potentialAction":[{"@type":"SearchAction","target":{"@type":"EntryPoint","urlTemplate":"https:\/\/www.flyttfirma-malardalen.se\/?s={search_term_string}"},"query-input":{"@type":"PropertyValueSpecification","valueRequired":true,"valueName":"search_term_string"}}],"inLanguage":"en-US"}]}},"_links":{"self":[{"href":"https:\/\/www.flyttfirma-malardalen.se.a5252.hemsida.eu\/en\/wp-json\/wp\/v2\/pages\/26055","targetHints":{"allow":["GET"]}}],"collection":[{"href":"https:\/\/www.flyttfirma-malardalen.se.a5252.hemsida.eu\/en\/wp-json\/wp\/v2\/pages"}],"about":[{"href":"https:\/\/www.flyttfirma-malardalen.se.a5252.hemsida.eu\/en\/wp-json\/wp\/v2\/types\/page"}],"author":[{"embeddable":true,"href":"https:\/\/www.flyttfirma-malardalen.se.a5252.hemsida.eu\/en\/wp-json\/wp\/v2\/users\/7"}],"replies":[{"embeddable":true,"href":"https:\/\/www.flyttfirma-malardalen.se.a5252.hemsida.eu\/en\/wp-json\/wp\/v2\/comments?post=26055"}],"version-history":[{"count":1,"href":"https:\/\/www.flyttfirma-malardalen.se.a5252.hemsida.eu\/en\/wp-json\/wp\/v2\/pages\/26055\/revisions"}],"predecessor-version":[{"id":26080,"href":"https:\/\/www.flyttfirma-malardalen.se.a5252.hemsida.eu\/en\/wp-json\/wp\/v2\/pages\/26055\/revisions\/26080"}],"wp:featuredmedia":[{"embeddable":true,"href":"https:\/\/www.flyttfirma-malardalen.se.a5252.hemsida.eu\/en\/wp-json\/wp\/v2\/media\/25384"}],"wp:attachment":[{"href":"https:\/\/www.flyttfirma-malardalen.se.a5252.hemsida.eu\/en\/wp-json\/wp\/v2\/media?parent=26055"}],"curies":[{"name":"wp","href":"https:\/\/api.w.org\/{rel}","templated":true}]}}